{"id":1218,"date":"2023-03-16T21:46:29","date_gmt":"2023-03-16T21:46:29","guid":{"rendered":"https:\/\/solpack.net\/?post_type=product&#038;p=1218"},"modified":"2023-09-02T01:36:20","modified_gmt":"2023-09-02T01:36:20","slug":"grain-vacuum-bag","status":"publish","type":"product","link":"https:\/\/solpack.net\/en\/producto\/grain-vacuum-bag\/","title":{"rendered":"Grain Vacuum Bag"},"content":{"rendered":"<p>Adem\u00e1s envasar sus alimentos al vac\u00edo (como granos, semillas, prote\u00ednas, vegetales, entre otros) \u00a0reduce el riesgo de proliferaci\u00f3n de bacterias y contaminaci\u00f3n cruzada y entrada del ox\u00edgeno. As\u00ed mismo aumentar\u00e1 el almacenamiento a largo plazo as\u00ed como la disminuci\u00f3n de espacio.<br \/>\n<script data-b24-form=\"inline\/48\/tv6l33\" data-skip-moving=\"true\">\n(function(w,d,u){\nvar s=d.createElement('script');s.async=true;s.src=u+'?'+(Date.now()\/180000|0);\nvar h=d.getElementsByTagName('script')[0];h.parentNode.insertBefore(s,h);\n})(window,document,'https:\/\/cdn.bitrix24.es\/b25824423\/crm\/form\/loader_48.js');\n<\/script><\/p>\n","protected":false},"excerpt":{"rendered":"<p>Adem\u00e1s envasar sus alimentos al vac\u00edo (como granos, semillas, prote\u00ednas, vegetales, entre otros) \u00a0reduce el riesgo de proliferaci\u00f3n de bacterias y contaminaci\u00f3n cruzada y entrada del ox\u00edgeno. As\u00ed mismo aumentar\u00e1 el almacenamiento a largo plazo as\u00ed como la disminuci\u00f3n de espacio.<\/p>\n","protected":false},"featured_media":1224,"comment_status":"open","ping_status":"closed","template":"","meta":{"_acf_changed":false},"product_cat":[20,26,30,36,22],"product_tag":[],"class_list":{"0":"post-1218","1":"product","2":"type-product","3":"status-publish","4":"has-post-thumbnail","6":"product_cat-01-cafe-te","7":"product_cat-07-cereales-granos","8":"product_cat-11-frutas-y-vegetales","9":"product_cat-17-productos-agroveterinarios","10":"product_cat-03-proteinas","12":"first","13":"instock","14":"shipping-taxable","15":"product-type-simple"},"acf":[],"_links":{"self":[{"href":"https:\/\/solpack.net\/en\/wp-json\/wp\/v2\/product\/1218"}],"collection":[{"href":"https:\/\/solpack.net\/en\/wp-json\/wp\/v2\/product"}],"about":[{"href":"https:\/\/solpack.net\/en\/wp-json\/wp\/v2\/types\/product"}],"replies":[{"embeddable":true,"href":"https:\/\/solpack.net\/en\/wp-json\/wp\/v2\/comments?post=1218"}],"wp:featuredmedia":[{"embeddable":true,"href":"https:\/\/solpack.net\/en\/wp-json\/wp\/v2\/media\/1224"}],"wp:attachment":[{"href":"https:\/\/solpack.net\/en\/wp-json\/wp\/v2\/media?parent=1218"}],"wp:term":[{"taxonomy":"product_cat","embeddable":true,"href":"https:\/\/solpack.net\/en\/wp-json\/wp\/v2\/product_cat?post=1218"},{"taxonomy":"product_tag","embeddable":true,"href":"https:\/\/solpack.net\/en\/wp-json\/wp\/v2\/product_tag?post=1218"}],"curies":[{"name":"wp","href":"https:\/\/api.w.org\/{rel}","templated":true}]}}