{"id":1284,"date":"2023-03-21T16:05:01","date_gmt":"2023-03-21T16:05:01","guid":{"rendered":"https:\/\/solpack.net\/?post_type=product&#038;p=1284"},"modified":"2026-01-15T18:42:25","modified_gmt":"2026-01-15T18:42:25","slug":"flatpouch","status":"publish","type":"product","link":"https:\/\/solpack.net\/en\/producto\/flatpouch\/","title":{"rendered":"Flat Pouch"},"content":{"rendered":"<p>Su dise\u00f1o vers\u00e1til, plano de tres sellos maximiza el espacio en almacenamiento y transporte, reduciendo costos.\u00a0 Brinda una excelente barrera contra humedad, ox\u00edgeno y luz, manteniendo la frescura, sabor y aroma de su producto.<br \/>\nAdem\u00e1s puede empacar y sellar sus alimentos al vac\u00edo (como granos, semillas, prote\u00ednas, vegetales, entre otros) \u00a0reduciendo el riesgo de proliferaci\u00f3n de bacterias y contaminaci\u00f3n cruzada y entrada del ox\u00edgeno. As\u00ed mismo aumentar\u00e1 el almacenamiento a largo plazo as\u00ed como la disminuci\u00f3n de espacio.<br \/>\n<script data-b24-form=\"inline\/42\/cvnta5\" data-skip-moving=\"true\">\n(function(w,d,u){\nvar s=d.createElement('script');s.async=true;s.src=u+'?'+(Date.now()\/180000|0);\nvar h=d.getElementsByTagName('script')[0];h.parentNode.insertBefore(s,h);\n})(window,document,'https:\/\/cdn.bitrix24.es\/b25824423\/crm\/form\/loader_42.js');\n<\/script><\/p>\n","protected":false},"excerpt":{"rendered":"<p>Su dise\u00f1o vers\u00e1til, plano de tres sellos maximiza el espacio en almacenamiento y transporte, reduciendo costos.\u00a0 Brinda una excelente barrera contra humedad, ox\u00edgeno y luz, manteniendo la frescura, sabor y aroma de su producto. Adem\u00e1s puede empacar y sellar sus alimentos al vac\u00edo (como granos, semillas, prote\u00ednas, vegetales, entre otros) \u00a0reduciendo el riesgo de proliferaci\u00f3n [&hellip;]<\/p>\n","protected":false},"featured_media":3326,"comment_status":"open","ping_status":"closed","template":"","meta":{"_acf_changed":false},"product_cat":[30,23,27,35,22],"product_tag":[],"class_list":{"0":"post-1284","1":"product","2":"type-product","3":"status-publish","4":"has-post-thumbnail","6":"product_cat-11-frutas-y-vegetales","7":"product_cat-04-lacteos-y-derivados","8":"product_cat-08-pastas","9":"product_cat-16-productos-farmaceuticos","10":"product_cat-03-proteinas","12":"first","13":"instock","14":"shipping-taxable","15":"product-type-simple"},"acf":[],"_links":{"self":[{"href":"https:\/\/solpack.net\/en\/wp-json\/wp\/v2\/product\/1284"}],"collection":[{"href":"https:\/\/solpack.net\/en\/wp-json\/wp\/v2\/product"}],"about":[{"href":"https:\/\/solpack.net\/en\/wp-json\/wp\/v2\/types\/product"}],"replies":[{"embeddable":true,"href":"https:\/\/solpack.net\/en\/wp-json\/wp\/v2\/comments?post=1284"}],"wp:featuredmedia":[{"embeddable":true,"href":"https:\/\/solpack.net\/en\/wp-json\/wp\/v2\/media\/3326"}],"wp:attachment":[{"href":"https:\/\/solpack.net\/en\/wp-json\/wp\/v2\/media?parent=1284"}],"wp:term":[{"taxonomy":"product_cat","embeddable":true,"href":"https:\/\/solpack.net\/en\/wp-json\/wp\/v2\/product_cat?post=1284"},{"taxonomy":"product_tag","embeddable":true,"href":"https:\/\/solpack.net\/en\/wp-json\/wp\/v2\/product_tag?post=1284"}],"curies":[{"name":"wp","href":"https:\/\/api.w.org\/{rel}","templated":true}]}}