{"id":610,"date":"2023-02-08T22:41:05","date_gmt":"2023-02-08T22:41:05","guid":{"rendered":"https:\/\/solpack.net\/?post_type=product&#038;p=610"},"modified":"2026-01-15T19:03:22","modified_gmt":"2026-01-15T19:03:22","slug":"solpack-grain","status":"publish","type":"product","link":"https:\/\/solpack.net\/en\/producto\/solpack-grain\/","title":{"rendered":"Solpack Grain"},"content":{"rendered":"<p class=\"p1\">La alta barrera de nuestra bolsa <strong>Solpack Grain<\/strong> le permitir\u00e1 reducir las p\u00e9rdidas de los alimentos conservando el olor, el sabor y el aroma manteniendo la calidad de los mismos por m\u00e1s tiempo.<\/p>\n<p class=\"p1\">Adem\u00e1s protege los productos agr\u00edcolas, granos y semillas contra la infestaci\u00f3n de insectos, el crecimiento de moho, la oxidaci\u00f3n gases, agua y la ranciedad gracias a los materiales con los que fueron construidas.<\/p>\n<p><script data-b24-form=\"inline\/50\/83csi2\" data-skip-moving=\"true\">\n(function(w,d,u){\nvar s=d.createElement('script');s.async=true;s.src=u+'?'+(Date.now()\/180000|0);\nvar h=d.getElementsByTagName('script')[0];h.parentNode.insertBefore(s,h);\n})(window,document,'https:\/\/cdn.bitrix24.es\/b25824423\/crm\/form\/loader_50.js');\n<\/script><\/p>\n","protected":false},"excerpt":{"rendered":"<p>La alta barrera de nuestra bolsa Solpack Grain le permitir\u00e1 reducir las p\u00e9rdidas de los alimentos conservando el olor, el sabor y el aroma manteniendo la calidad de los mismos por m\u00e1s tiempo. Adem\u00e1s protege los productos agr\u00edcolas, granos y semillas contra la infestaci\u00f3n de insectos, el crecimiento de moho, la oxidaci\u00f3n gases, agua y [&hellip;]<\/p>\n","protected":false},"featured_media":3199,"comment_status":"open","ping_status":"closed","template":"","meta":{"_acf_changed":false},"product_cat":[20,26,36],"product_tag":[],"class_list":{"0":"post-610","1":"product","2":"type-product","3":"status-publish","4":"has-post-thumbnail","6":"product_cat-01-cafe-te","7":"product_cat-07-cereales-granos","8":"product_cat-17-productos-agroveterinarios","10":"first","11":"instock","12":"shipping-taxable","13":"product-type-simple"},"acf":[],"_links":{"self":[{"href":"https:\/\/solpack.net\/en\/wp-json\/wp\/v2\/product\/610"}],"collection":[{"href":"https:\/\/solpack.net\/en\/wp-json\/wp\/v2\/product"}],"about":[{"href":"https:\/\/solpack.net\/en\/wp-json\/wp\/v2\/types\/product"}],"replies":[{"embeddable":true,"href":"https:\/\/solpack.net\/en\/wp-json\/wp\/v2\/comments?post=610"}],"wp:featuredmedia":[{"embeddable":true,"href":"https:\/\/solpack.net\/en\/wp-json\/wp\/v2\/media\/3199"}],"wp:attachment":[{"href":"https:\/\/solpack.net\/en\/wp-json\/wp\/v2\/media?parent=610"}],"wp:term":[{"taxonomy":"product_cat","embeddable":true,"href":"https:\/\/solpack.net\/en\/wp-json\/wp\/v2\/product_cat?post=610"},{"taxonomy":"product_tag","embeddable":true,"href":"https:\/\/solpack.net\/en\/wp-json\/wp\/v2\/product_tag?post=610"}],"curies":[{"name":"wp","href":"https:\/\/api.w.org\/{rel}","templated":true}]}}