{"id":660,"date":"2023-02-14T18:28:30","date_gmt":"2023-02-14T18:28:30","guid":{"rendered":"https:\/\/solpack.net\/?post_type=product&#038;p=660"},"modified":"2026-01-15T18:50:45","modified_gmt":"2026-01-15T18:50:45","slug":"sacos-rafia","status":"publish","type":"product","link":"https:\/\/solpack.net\/en\/producto\/sacos-rafia\/","title":{"rendered":"Sacos Rafia"},"content":{"rendered":"<p>El saco rafia es una excelente opci\u00f3n que le\u00a0ayudar\u00e1 a mejorar la promoci\u00f3n de venta en g\u00f3ndolas,\u00a0tarimas de los supermercados y tiendas por la calidad de\u00a0impresi\u00f3n en las diferentes caras del saco.\u00a0Permite una conservaci\u00f3n de productos por mayor tiempo,\u00a0tiene mayor impermeabilidad, antideslizante y reduce las\u00a0fugas adem\u00e1s puede\u00a0adquirlo en variedad de tama\u00f1os.<br \/>\n<script data-b24-form=\"inline\/52\/5t9v11\" data-skip-moving=\"true\">\n(function(w,d,u){\nvar s=d.createElement('script');s.async=true;s.src=u+'?'+(Date.now()\/180000|0);\nvar h=d.getElementsByTagName('script')[0];h.parentNode.insertBefore(s,h);\n})(window,document,'https:\/\/cdn.bitrix24.es\/b25824423\/crm\/form\/loader_52.js');\n<\/script><\/p>\n","protected":false},"excerpt":{"rendered":"<p>El saco rafia es una excelente opci\u00f3n que le\u00a0ayudar\u00e1 a mejorar la promoci\u00f3n de venta en g\u00f3ndolas,\u00a0tarimas de los supermercados y tiendas por la calidad de\u00a0impresi\u00f3n en las diferentes caras del saco.\u00a0Permite una conservaci\u00f3n de productos por mayor tiempo,\u00a0tiene mayor impermeabilidad, antideslizante y reduce las\u00a0fugas adem\u00e1s puede\u00a0adquirlo en variedad de tama\u00f1os.<\/p>\n","protected":false},"featured_media":667,"comment_status":"open","ping_status":"closed","template":"","meta":{"_acf_changed":false},"product_cat":[29,26,30,33,36],"product_tag":[],"class_list":{"0":"post-660","1":"product","2":"type-product","3":"status-publish","4":"has-post-thumbnail","6":"product_cat-10-bebidas-en-polvo","7":"product_cat-07-cereales-granos","8":"product_cat-11-frutas-y-vegetales","9":"product_cat-14-pet-food","10":"product_cat-17-productos-agroveterinarios","12":"first","13":"instock","14":"shipping-taxable","15":"product-type-simple"},"acf":[],"_links":{"self":[{"href":"https:\/\/solpack.net\/en\/wp-json\/wp\/v2\/product\/660"}],"collection":[{"href":"https:\/\/solpack.net\/en\/wp-json\/wp\/v2\/product"}],"about":[{"href":"https:\/\/solpack.net\/en\/wp-json\/wp\/v2\/types\/product"}],"replies":[{"embeddable":true,"href":"https:\/\/solpack.net\/en\/wp-json\/wp\/v2\/comments?post=660"}],"wp:featuredmedia":[{"embeddable":true,"href":"https:\/\/solpack.net\/en\/wp-json\/wp\/v2\/media\/667"}],"wp:attachment":[{"href":"https:\/\/solpack.net\/en\/wp-json\/wp\/v2\/media?parent=660"}],"wp:term":[{"taxonomy":"product_cat","embeddable":true,"href":"https:\/\/solpack.net\/en\/wp-json\/wp\/v2\/product_cat?post=660"},{"taxonomy":"product_tag","embeddable":true,"href":"https:\/\/solpack.net\/en\/wp-json\/wp\/v2\/product_tag?post=660"}],"curies":[{"name":"wp","href":"https:\/\/api.w.org\/{rel}","templated":true}]}}