{"id":680,"date":"2023-02-14T22:34:35","date_gmt":"2023-02-14T22:34:35","guid":{"rendered":"https:\/\/solpack.net\/?post_type=product&#038;p=680"},"modified":"2023-03-21T16:34:10","modified_gmt":"2023-03-21T16:34:10","slug":"aluminio-vacuum-bag","status":"publish","type":"product","link":"https:\/\/solpack.net\/en\/producto\/aluminio-vacuum-bag\/","title":{"rendered":"Aluminio Vacuum Bag"},"content":{"rendered":"<p>Adem\u00e1s empacar y sellar sus alimentos al vac\u00edo (como granos, semillas, prote\u00ednas, vegetales, entre otros) \u00a0reduce el\u00a0riesgo de proliferaci\u00f3n de bacterias y contaminaci\u00f3n\u00a0cruzada y entrada del ox\u00edgeno. As\u00ed mismo aumentar\u00e1 el almacenamiento a largo\u00a0plazo as\u00ed como la disminuci\u00f3n de espacio.<\/p>\n","protected":false},"excerpt":{"rendered":"<p>Adem\u00e1s empacar y sellar sus alimentos al vac\u00edo (como granos, semillas, prote\u00ednas, vegetales, entre otros) \u00a0reduce el\u00a0riesgo de proliferaci\u00f3n de bacterias y contaminaci\u00f3n\u00a0cruzada y entrada del ox\u00edgeno. As\u00ed mismo aumentar\u00e1 el almacenamiento a largo\u00a0plazo as\u00ed como la disminuci\u00f3n de espacio.<\/p>\n","protected":false},"featured_media":1292,"comment_status":"open","ping_status":"closed","template":"","meta":{"_acf_changed":false},"product_cat":[29,20,26,30,36,35],"product_tag":[],"class_list":{"0":"post-680","1":"product","2":"type-product","3":"status-publish","4":"has-post-thumbnail","6":"product_cat-10-bebidas-en-polvo","7":"product_cat-01-cafe-te","8":"product_cat-07-cereales-granos","9":"product_cat-11-frutas-y-vegetales","10":"product_cat-17-productos-agroveterinarios","11":"product_cat-16-productos-farmaceuticos","13":"first","14":"instock","15":"shipping-taxable","16":"purchasable","17":"product-type-variable"},"acf":[],"_links":{"self":[{"href":"https:\/\/solpack.net\/en\/wp-json\/wp\/v2\/product\/680"}],"collection":[{"href":"https:\/\/solpack.net\/en\/wp-json\/wp\/v2\/product"}],"about":[{"href":"https:\/\/solpack.net\/en\/wp-json\/wp\/v2\/types\/product"}],"replies":[{"embeddable":true,"href":"https:\/\/solpack.net\/en\/wp-json\/wp\/v2\/comments?post=680"}],"wp:featuredmedia":[{"embeddable":true,"href":"https:\/\/solpack.net\/en\/wp-json\/wp\/v2\/media\/1292"}],"wp:attachment":[{"href":"https:\/\/solpack.net\/en\/wp-json\/wp\/v2\/media?parent=680"}],"wp:term":[{"taxonomy":"product_cat","embeddable":true,"href":"https:\/\/solpack.net\/en\/wp-json\/wp\/v2\/product_cat?post=680"},{"taxonomy":"product_tag","embeddable":true,"href":"https:\/\/solpack.net\/en\/wp-json\/wp\/v2\/product_tag?post=680"}],"curies":[{"name":"wp","href":"https:\/\/api.w.org\/{rel}","templated":true}]}}