{"id":854,"date":"2023-02-15T22:34:58","date_gmt":"2023-02-15T22:34:58","guid":{"rendered":"https:\/\/solpack.net\/?post_type=product&#038;p=854"},"modified":"2026-01-15T17:49:42","modified_gmt":"2026-01-15T17:49:42","slug":"gallon-pack","status":"publish","type":"product","link":"https:\/\/solpack.net\/en\/producto\/gallon-pack\/","title":{"rendered":"Gallon Pack"},"content":{"rendered":"<p>Nuestra <strong>Gallon Pack<\/strong> es una alternativa ecoamigable ya\u00a0que su objetivo es sustituir los envases de\u00a0galones r\u00edgidos. Ofrece la ventaja que tienen una\u00a0much\u00edsima menor huella de carbono comparado\u00a0con el empaque r\u00edgido tradicional, ya que este\u00a0\u00faltimo al utilizar pr\u00e1cticamente el doble del\u00a0material en la fabricaci\u00f3n.<\/p>\n<p>As\u00ed mismo ofrece ventajas econ\u00f3micas, pues se\u00a0requiere menos espacio de almacenaje, menos\u00a0costos de transporte y sus procesos t\u00e9rmicos de\u00a0producci\u00f3n son m\u00e1s cortos, con lo que se ahorra\u00a0tambi\u00e9n en el consumo de energ\u00eda.<\/p>\n<p>En cuanto a la visibilidad de los productos\u00a0envasados en Gallon Pack, son m\u00e1s atractivos por\u00a0ser m\u00e1s modernos, contribuyendo notablemente a la\u00a0decisi\u00f3n final de la compra por parte del cliente.<br \/>\n<script data-b24-form=\"inline\/40\/0ubyon\" data-skip-moving=\"true\">\n(function(w,d,u){\nvar s=d.createElement('script');s.async=true;s.src=u+'?'+(Date.now()\/180000|0);\nvar h=d.getElementsByTagName('script')[0];h.parentNode.insertBefore(s,h);\n})(window,document,'https:\/\/cdn.bitrix24.es\/b25824423\/crm\/form\/loader_40.js');\n<\/script><\/p>\n","protected":false},"excerpt":{"rendered":"<p>Nuestra Gallon Pack es una alternativa ecoamigable ya\u00a0que su objetivo es sustituir los envases de\u00a0galones r\u00edgidos. Ofrece la ventaja que tienen una\u00a0much\u00edsima menor huella de carbono comparado\u00a0con el empaque r\u00edgido tradicional, ya que este\u00a0\u00faltimo al utilizar pr\u00e1cticamente el doble del\u00a0material en la fabricaci\u00f3n. As\u00ed mismo ofrece ventajas econ\u00f3micas, pues se\u00a0requiere menos espacio de almacenaje, menos\u00a0costos [&hellip;]<\/p>\n","protected":false},"featured_media":863,"comment_status":"open","ping_status":"closed","template":"","meta":{"_acf_changed":false},"product_cat":[32,34,28,33,36,35,24,25],"product_tag":[],"class_list":{"0":"post-854","1":"product","2":"type-product","3":"status-publish","4":"has-post-thumbnail","6":"product_cat-13-baby-food","7":"product_cat-15-home-and-personal-care","8":"product_cat-09-huevo-liquido","9":"product_cat-14-pet-food","10":"product_cat-17-productos-agroveterinarios","11":"product_cat-16-productos-farmaceuticos","12":"product_cat-05-pulpas-jugos-de-fruta","13":"product_cat-06-salsas-aderezos-aceites","15":"first","16":"instock","17":"shipping-taxable","18":"product-type-simple"},"acf":[],"_links":{"self":[{"href":"https:\/\/solpack.net\/en\/wp-json\/wp\/v2\/product\/854"}],"collection":[{"href":"https:\/\/solpack.net\/en\/wp-json\/wp\/v2\/product"}],"about":[{"href":"https:\/\/solpack.net\/en\/wp-json\/wp\/v2\/types\/product"}],"replies":[{"embeddable":true,"href":"https:\/\/solpack.net\/en\/wp-json\/wp\/v2\/comments?post=854"}],"wp:featuredmedia":[{"embeddable":true,"href":"https:\/\/solpack.net\/en\/wp-json\/wp\/v2\/media\/863"}],"wp:attachment":[{"href":"https:\/\/solpack.net\/en\/wp-json\/wp\/v2\/media?parent=854"}],"wp:term":[{"taxonomy":"product_cat","embeddable":true,"href":"https:\/\/solpack.net\/en\/wp-json\/wp\/v2\/product_cat?post=854"},{"taxonomy":"product_tag","embeddable":true,"href":"https:\/\/solpack.net\/en\/wp-json\/wp\/v2\/product_tag?post=854"}],"curies":[{"name":"wp","href":"https:\/\/api.w.org\/{rel}","templated":true}]}}