{"id":986,"date":"2023-02-17T22:18:17","date_gmt":"2023-02-17T22:18:17","guid":{"rendered":"https:\/\/solpack.net\/?post_type=product&#038;p=986"},"modified":"2026-01-15T18:58:25","modified_gmt":"2026-01-15T18:58:25","slug":"quad-seal-bag","status":"publish","type":"product","link":"https:\/\/solpack.net\/en\/producto\/quad-seal-bag\/","title":{"rendered":"Quad Seal Bag"},"content":{"rendered":"<p>Estas bolsas novedosas ofrecen excelente exposici\u00f3n de marca, adem\u00e1s de presentar el producto erguido gracias a los sellos reforzados cu\u00e1druples que permiten una estructura estable y con m\u00e1s volumen de llenado que otras bolsas.<\/p>\n<p>La bolsa puede tener un acabado brillante o mate, as\u00ed como puede ser gen\u00e9rica o con impresi\u00f3n digital en peque\u00f1as cantidades, eco amigables y con alta barrera.<br \/>\n<script data-b24-form=\"inline\/44\/df8byu\" data-skip-moving=\"true\">\n(function(w,d,u){\nvar s=d.createElement('script');s.async=true;s.src=u+'?'+(Date.now()\/180000|0);\nvar h=d.getElementsByTagName('script')[0];h.parentNode.insertBefore(s,h);\n})(window,document,'https:\/\/cdn.bitrix24.es\/b25824423\/crm\/form\/loader_44.js');\n<\/script><\/p>\n","protected":false},"excerpt":{"rendered":"<p>Estas bolsas novedosas ofrecen excelente exposici\u00f3n de marca, adem\u00e1s de presentar el producto erguido gracias a los sellos reforzados cu\u00e1druples que permiten una estructura estable y con m\u00e1s volumen de llenado que otras bolsas. La bolsa puede tener un acabado brillante o mate, as\u00ed como puede ser gen\u00e9rica o con impresi\u00f3n digital en peque\u00f1as cantidades, [&hellip;]<\/p>\n","protected":false},"featured_media":3875,"comment_status":"open","ping_status":"closed","template":"","meta":{"_acf_changed":false},"product_cat":[29,20,26,31,33,36,35,21],"product_tag":[],"class_list":{"0":"post-986","1":"product","2":"type-product","3":"status-publish","4":"has-post-thumbnail","6":"product_cat-10-bebidas-en-polvo","7":"product_cat-01-cafe-te","8":"product_cat-07-cereales-granos","9":"product_cat-12-pan-y-reposteria","10":"product_cat-14-pet-food","11":"product_cat-17-productos-agroveterinarios","12":"product_cat-16-productos-farmaceuticos","13":"product_cat-02-snacks-chocolates-dulces","15":"first","16":"instock","17":"shipping-taxable","18":"product-type-simple"},"acf":[],"_links":{"self":[{"href":"https:\/\/solpack.net\/en\/wp-json\/wp\/v2\/product\/986"}],"collection":[{"href":"https:\/\/solpack.net\/en\/wp-json\/wp\/v2\/product"}],"about":[{"href":"https:\/\/solpack.net\/en\/wp-json\/wp\/v2\/types\/product"}],"replies":[{"embeddable":true,"href":"https:\/\/solpack.net\/en\/wp-json\/wp\/v2\/comments?post=986"}],"wp:featuredmedia":[{"embeddable":true,"href":"https:\/\/solpack.net\/en\/wp-json\/wp\/v2\/media\/3875"}],"wp:attachment":[{"href":"https:\/\/solpack.net\/en\/wp-json\/wp\/v2\/media?parent=986"}],"wp:term":[{"taxonomy":"product_cat","embeddable":true,"href":"https:\/\/solpack.net\/en\/wp-json\/wp\/v2\/product_cat?post=986"},{"taxonomy":"product_tag","embeddable":true,"href":"https:\/\/solpack.net\/en\/wp-json\/wp\/v2\/product_tag?post=986"}],"curies":[{"name":"wp","href":"https:\/\/api.w.org\/{rel}","templated":true}]}}